{"id":2207,"date":"2025-09-19T21:30:46","date_gmt":"2025-09-19T21:30:46","guid":{"rendered":"https:\/\/comprosuauto.com\/?post_type=product&#038;p=2207"},"modified":"2026-04-11T20:19:55","modified_gmt":"2026-04-11T20:19:55","slug":"ford-edge-2017","status":"publish","type":"product","link":"https:\/\/comprosuauto.com\/index.php\/producto\/ford-edge-2017\/","title":{"rendered":"FORD EDGE 2017"},"content":{"rendered":"<p>AUTOS GARZA, TU MEJOR OPCI\u00d3N<br \/>\nVisita www.comprosuauto.com<br \/>\n\ud83d\udd18FORD EDGE 2017<br \/>\n\u25ab\ufe0fAutomatica<br \/>\n\u25ab\ufe0f140,000 KM<br \/>\n\u25ab\ufe0fImportado con Pedimento por Aduana<br \/>\n\u25ab\ufe0fSe Factura a su Nombre<br \/>\n\u25ab\ufe0fNO PAGA CAMBIO PROPIETARIO<br \/>\n\ud83d\udcb2$175,000 de contado<br \/>\n\ud83d\udcb2$180,000 a credito mas intereses<br \/>\n\ud83d\udcb2ENGANCHE DESDE $72,000<br \/>\n\u2757\ufe0fCaracter\u00edsticas:<br \/>\n\u25ab\ufe0fColor Arena<br \/>\n\u25ab\ufe0fColor interior Beige<br \/>\n\u25ab\ufe0f5 Puertas<br \/>\n\u25ab\ufe0fMotor 4 CIL<br \/>\n\u25ab\ufe0fGasolina<br \/>\n\u2755Cuenta con lo siguiente:<br \/>\n\u25ab\ufe0fClima<br \/>\n\u25ab\ufe0fABS<br \/>\n\u25ab\ufe0fVidrios Electricos<br \/>\n\u25ab\ufe0fBolsas de Aire<br \/>\n\u25abDirecci\u00f3n Hidr\u00e1ulica<br \/>\n\u25abRines de Aluminio<br \/>\n\u203c\ufe0fCons\u00edguela a cr\u00e9dito con un enganche m\u00ednimo del 40%, con un plazo m\u00e1ximo de 36 meses.<br \/>\n\u25ab\ufe0fTEL 81.1113.0175<br \/>\n\ud83d\udccdEstamos ubicados en Avenida Col\u00f3n #1176 Ote. Entre las calles Carvajal y Diego de Montemayor en Monterrey, N.L<\/p>\n","protected":false},"excerpt":{"rendered":"<p>AUTOS GARZA, TU MEJOR OPCI\u00d3N<br \/>\nVisita www.comprosuauto.com<br \/>\n\ud83d\udd18FORD EDGE 2017<br \/>\n\u25ab\ufe0fAutomatica<br \/>\n\u25ab\ufe0f140,000 KM<br \/>\n\u25ab\ufe0fImportado con Pedimento por Aduana<br \/>\n\u25ab\ufe0fSe Factura a su Nombre<br \/>\n\u25ab\ufe0fNO PAGA CAMBIO PROPIETARIO<br \/>\n\ud83d\udcb2$185,000 de contado<br \/>\n\ud83d\udcb2$190,000 a credito mas intereses<br \/>\n\ud83d\udcb2ENGANCHE DESDE $76,000<br \/>\n\u2757\ufe0fCaracter\u00edsticas:<br \/>\n\u25ab\ufe0fColor Arena<br \/>\n\u25ab\ufe0fColor interior Beige<br \/>\n\u25ab\ufe0f5 Puertas<br \/>\n\u25ab\ufe0fMotor 4 CIL<br \/>\n\u25ab\ufe0fGasolina<br \/>\n\u2755Cuenta con lo siguiente:<br \/>\n\u25ab\ufe0fClima<br \/>\n\u25ab\ufe0fABS<br \/>\n\u25ab\ufe0fVidrios Electricos<br \/>\n\u25ab\ufe0fBolsas de Aire<br \/>\n\u25abDirecci\u00f3n Hidr\u00e1ulica<br \/>\n\u25abRines de Aluminio<br \/>\n\u203c\ufe0fCons\u00edguela a cr\u00e9dito con un enganche m\u00ednimo del 40%, con un plazo m\u00e1ximo de 36 meses.<br \/>\n\u25ab\ufe0fTEL 81.1113.0175<br \/>\n\ud83d\udccdEstamos ubicados en Avenida Col\u00f3n #1176 Ote. Entre las calles Carvajal y Diego de Montemayor en Monterrey, N.L<\/p>\n","protected":false},"featured_media":2211,"comment_status":"open","ping_status":"closed","template":"","meta":{"_eb_attr":"","site-sidebar-layout":"default","site-content-layout":"","ast-site-content-layout":"default","site-content-style":"default","site-sidebar-style":"default","ast-global-header-display":"","ast-banner-title-visibility":"","ast-main-header-display":"","ast-hfb-above-header-display":"","ast-hfb-below-header-display":"","ast-hfb-mobile-header-display":"","site-post-title":"","ast-breadcrumbs-content":"","ast-featured-img":"","footer-sml-layout":"","ast-disable-related-posts":"","theme-transparent-header-meta":"default","adv-header-id-meta":"","stick-header-meta":"","header-above-stick-meta":"","header-main-stick-meta":"","header-below-stick-meta":"","astra-migrate-meta-layouts":"set","ast-page-background-enabled":"default","ast-page-background-meta":{"desktop":{"background-color":"var(--ast-global-color-5)","background-image":"","background-repeat":"repeat","background-position":"center center","background-size":"auto","background-attachment":"scroll","background-type":"","background-media":"","overlay-type":"","overlay-color":"","overlay-opacity":"","overlay-gradient":""},"tablet":{"background-color":"","background-image":"","background-repeat":"repeat","background-position":"center center","background-size":"auto","background-attachment":"scroll","background-type":"","background-media":"","overlay-type":"","overlay-color":"","overlay-opacity":"","overlay-gradient":""},"mobile":{"background-color":"","background-image":"","background-repeat":"repeat","background-position":"center center","background-size":"auto","background-attachment":"scroll","background-type":"","background-media":"","overlay-type":"","overlay-color":"","overlay-opacity":"","overlay-gradient":""}},"ast-content-background-meta":{"desktop":{"background-color":"var(--ast-global-color-4)","background-image":"","background-repeat":"repeat","background-position":"center center","background-size":"auto","background-attachment":"scroll","background-type":"","background-media":"","overlay-type":"","overlay-color":"","overlay-opacity":"","overlay-gradient":""},"tablet":{"background-color":"var(--ast-global-color-4)","background-image":"","background-repeat":"repeat","background-position":"center center","background-size":"auto","background-attachment":"scroll","background-type":"","background-media":"","overlay-type":"","overlay-color":"","overlay-opacity":"","overlay-gradient":""},"mobile":{"background-color":"var(--ast-global-color-4)","background-image":"","background-repeat":"repeat","background-position":"center center","background-size":"auto","background-attachment":"scroll","background-type":"","background-media":"","overlay-type":"","overlay-color":"","overlay-opacity":"","overlay-gradient":""}},"_joinchat":{"telephone":"+528111130175"}},"product_cat":[22],"product_tag":[],"class_list":{"0":"post-2207","1":"product","2":"type-product","3":"status-publish","4":"has-post-thumbnail","6":"product_cat-suv","7":"desktop-align-left","8":"tablet-align-left","9":"mobile-align-left","11":"first","12":"instock","13":"shipping-taxable","14":"purchasable","15":"product-type-simple"},"_links":{"self":[{"href":"https:\/\/comprosuauto.com\/index.php\/wp-json\/wp\/v2\/product\/2207","targetHints":{"allow":["GET"]}}],"collection":[{"href":"https:\/\/comprosuauto.com\/index.php\/wp-json\/wp\/v2\/product"}],"about":[{"href":"https:\/\/comprosuauto.com\/index.php\/wp-json\/wp\/v2\/types\/product"}],"replies":[{"embeddable":true,"href":"https:\/\/comprosuauto.com\/index.php\/wp-json\/wp\/v2\/comments?post=2207"}],"wp:featuredmedia":[{"embeddable":true,"href":"https:\/\/comprosuauto.com\/index.php\/wp-json\/wp\/v2\/media\/2211"}],"wp:attachment":[{"href":"https:\/\/comprosuauto.com\/index.php\/wp-json\/wp\/v2\/media?parent=2207"}],"wp:term":[{"taxonomy":"product_cat","embeddable":true,"href":"https:\/\/comprosuauto.com\/index.php\/wp-json\/wp\/v2\/product_cat?post=2207"},{"taxonomy":"product_tag","embeddable":true,"href":"https:\/\/comprosuauto.com\/index.php\/wp-json\/wp\/v2\/product_tag?post=2207"}],"curies":[{"name":"wp","href":"https:\/\/api.w.org\/{rel}","templated":true}]}}