{"id":1966,"date":"2025-09-13T23:23:36","date_gmt":"2025-09-13T23:23:36","guid":{"rendered":"https:\/\/comprosuauto.com\/?post_type=product&#038;p=1966"},"modified":"2026-04-11T20:23:06","modified_gmt":"2026-04-11T20:23:06","slug":"cheyenne-trailboss-4x4-2019","status":"publish","type":"product","link":"https:\/\/comprosuauto.com\/index.php\/producto\/cheyenne-trailboss-4x4-2019\/","title":{"rendered":"Cheyenne Trailboss 4&#215;4 2019"},"content":{"rendered":"<p><strong>AUTOS GARZA, TU MEJOR OPCI\u00d3N<br \/>\nwww.comprosuauto.com<br \/>\nCHEVROLET CHEYENNE TRAIBOSS DOBLE CABINA 4X4 2019<br \/>\nAutomatico<br \/>\n70,000 KM<br \/>\nTenencia 2024<br \/>\n$599,000 de contado<br \/>\n$604,000 a credito mas intereses<br \/>\nCaracter\u00edsticas:<br \/>\nFactura de Original y se refactura, Recupere IVA<br \/>\nColor Plata<br \/>\nColor interior Gris<br \/>\n4 Puertas<br \/>\nMotor 8 CIL 5.3 lts<br \/>\nGasolina<br \/>\nCuenta con lo siguiente:<br \/>\nVidrios El\u00e9ctricos<br \/>\nClima<br \/>\nABS<br \/>\nBolsas de Aire<br \/>\nDirecci\u00f3n Hidr\u00e1ulica<br \/>\nRines de Aluminio 18&#8243; TRAILBOSS<br \/>\n&#8220;0&#8221; Testigos encendidos<br \/>\nCons\u00edguela a cr\u00e9dito con un enganche m\u00ednimo del 40%, con un plazo m\u00e1ximo de 48 meses.<br \/>\nEstamos ubicados en Avenida Col\u00f3n #1176 Ote. Entre las calles Carvajal y Diego de Montemayor en Monterrey, N.L\u00a0<\/strong><\/p>\n","protected":false},"excerpt":{"rendered":"<p>AUTOS GARZA, TU MEJOR OPCI\u00d3N<br \/>\nwww.comprosuauto.com<br \/>\nCHEVROLET CHEYENNE TRAIBOSS DOBLE CABINA 4X4 2019<br \/>\nAutomatico<br \/>\n70,000 KM<br \/>\nTenencia 2024<br \/>\n$599,000 de contado<br \/>\n$604,000 a credito mas intereses<br \/>\nCaracter\u00edsticas:<br \/>\nFactura de Original y se refactura, Recupere IVA<br \/>\nColor Plata<br \/>\nColor interior Gris<br \/>\n4 Puertas<br \/>\nMotor 8 CIL 5.3 lts<br \/>\nGasolina<br \/>\nCuenta con lo siguiente:<br \/>\nVidrios El\u00e9ctricos<br \/>\nClima<br \/>\nABS<br \/>\nBolsas de Aire<br \/>\nDirecci\u00f3n Hidr\u00e1ulica<br \/>\nRines de Aluminio 18&#8243; TRAILBOSS<br \/>\n&#8220;0&#8221; Testigos encendidos<br \/>\nCons\u00edguela a cr\u00e9dito con un enganche m\u00ednimo del 40%, con un plazo m\u00e1ximo de 48 meses.<br \/>\nEstamos ubicados en Avenida Col\u00f3n #1176 Ote. Entre las calles Carvajal y Diego de Montemayor en Monterrey, N.L<\/p>\n","protected":false},"featured_media":2974,"comment_status":"open","ping_status":"closed","template":"","meta":{"_eb_attr":"","site-sidebar-layout":"default","site-content-layout":"","ast-site-content-layout":"default","site-content-style":"default","site-sidebar-style":"default","ast-global-header-display":"","ast-banner-title-visibility":"","ast-main-header-display":"","ast-hfb-above-header-display":"","ast-hfb-below-header-display":"","ast-hfb-mobile-header-display":"","site-post-title":"","ast-breadcrumbs-content":"","ast-featured-img":"","footer-sml-layout":"","ast-disable-related-posts":"","theme-transparent-header-meta":"default","adv-header-id-meta":"","stick-header-meta":"","header-above-stick-meta":"","header-main-stick-meta":"","header-below-stick-meta":"","astra-migrate-meta-layouts":"set","ast-page-background-enabled":"default","ast-page-background-meta":{"desktop":{"background-color":"var(--ast-global-color-5)","background-image":"","background-repeat":"repeat","background-position":"center center","background-size":"auto","background-attachment":"scroll","background-type":"","background-media":"","overlay-type":"","overlay-color":"","overlay-opacity":"","overlay-gradient":""},"tablet":{"background-color":"","background-image":"","background-repeat":"repeat","background-position":"center center","background-size":"auto","background-attachment":"scroll","background-type":"","background-media":"","overlay-type":"","overlay-color":"","overlay-opacity":"","overlay-gradient":""},"mobile":{"background-color":"","background-image":"","background-repeat":"repeat","background-position":"center center","background-size":"auto","background-attachment":"scroll","background-type":"","background-media":"","overlay-type":"","overlay-color":"","overlay-opacity":"","overlay-gradient":""}},"ast-content-background-meta":{"desktop":{"background-color":"var(--ast-global-color-4)","background-image":"","background-repeat":"repeat","background-position":"center center","background-size":"auto","background-attachment":"scroll","background-type":"","background-media":"","overlay-type":"","overlay-color":"","overlay-opacity":"","overlay-gradient":""},"tablet":{"background-color":"var(--ast-global-color-4)","background-image":"","background-repeat":"repeat","background-position":"center center","background-size":"auto","background-attachment":"scroll","background-type":"","background-media":"","overlay-type":"","overlay-color":"","overlay-opacity":"","overlay-gradient":""},"mobile":{"background-color":"var(--ast-global-color-4)","background-image":"","background-repeat":"repeat","background-position":"center center","background-size":"auto","background-attachment":"scroll","background-type":"","background-media":"","overlay-type":"","overlay-color":"","overlay-opacity":"","overlay-gradient":""}},"_joinchat":{"telephone":"+528111130175"}},"product_cat":[29],"product_tag":[],"class_list":{"0":"post-1966","1":"product","2":"type-product","3":"status-publish","4":"has-post-thumbnail","6":"product_cat-pick-up-2","7":"desktop-align-left","8":"tablet-align-left","9":"mobile-align-left","11":"first","12":"instock","13":"shipping-taxable","14":"purchasable","15":"product-type-simple"},"_links":{"self":[{"href":"https:\/\/comprosuauto.com\/index.php\/wp-json\/wp\/v2\/product\/1966","targetHints":{"allow":["GET"]}}],"collection":[{"href":"https:\/\/comprosuauto.com\/index.php\/wp-json\/wp\/v2\/product"}],"about":[{"href":"https:\/\/comprosuauto.com\/index.php\/wp-json\/wp\/v2\/types\/product"}],"replies":[{"embeddable":true,"href":"https:\/\/comprosuauto.com\/index.php\/wp-json\/wp\/v2\/comments?post=1966"}],"wp:featuredmedia":[{"embeddable":true,"href":"https:\/\/comprosuauto.com\/index.php\/wp-json\/wp\/v2\/media\/2974"}],"wp:attachment":[{"href":"https:\/\/comprosuauto.com\/index.php\/wp-json\/wp\/v2\/media?parent=1966"}],"wp:term":[{"taxonomy":"product_cat","embeddable":true,"href":"https:\/\/comprosuauto.com\/index.php\/wp-json\/wp\/v2\/product_cat?post=1966"},{"taxonomy":"product_tag","embeddable":true,"href":"https:\/\/comprosuauto.com\/index.php\/wp-json\/wp\/v2\/product_tag?post=1966"}],"curies":[{"name":"wp","href":"https:\/\/api.w.org\/{rel}","templated":true}]}}