{"id":1775,"date":"2025-09-17T00:18:50","date_gmt":"2025-09-17T00:18:50","guid":{"rendered":"https:\/\/comprosuauto.com\/?post_type=product&#038;p=1775"},"modified":"2026-04-11T20:22:29","modified_gmt":"2026-04-11T20:22:29","slug":"chrysler-promaster-rapid-2020","status":"publish","type":"product","link":"https:\/\/comprosuauto.com\/index.php\/producto\/chrysler-promaster-rapid-2020\/","title":{"rendered":"CHRYSLER PROMASTER RAPID 2020"},"content":{"rendered":"<div class=\"\" data-block=\"true\" data-editor=\"eni0n\" data-offset-key=\"ak8ho-0-0\">\n<div class=\"_1mf _1mj\" data-offset-key=\"ak8ho-0-0\"><span data-offset-key=\"ak8ho-0-0\">AUTOS GARZA, TU MEJOR OPCI\u00d3N<\/span><\/div>\n<\/div>\n<div class=\"\" data-block=\"true\" data-editor=\"eni0n\" data-offset-key=\"31nkv-0-0\">\n<div class=\"_1mf _1mj\" data-offset-key=\"31nkv-0-0\"><span data-offset-key=\"31nkv-0-0\">Visita www.comprosuauto.com<\/span><\/div>\n<\/div>\n<div class=\"\" data-block=\"true\" data-editor=\"eni0n\" data-offset-key=\"ai3ti-0-0\">\n<div class=\"_1mf _1mj\" data-offset-key=\"ai3ti-0-0\"><span data-offset-key=\"ai3ti-0-0\">\ud83d\udd18CHRYSLER PROMASTER RAPID 2020<\/span><\/div>\n<\/div>\n<div class=\"\" data-block=\"true\" data-editor=\"eni0n\" data-offset-key=\"6btl7-0-0\">\n<div class=\"_1mf _1mj\" data-offset-key=\"6btl7-0-0\"><span data-offset-key=\"6btl7-0-0\">\u25ab\ufe0fEstandard<\/span><\/div>\n<\/div>\n<div class=\"\" data-block=\"true\" data-editor=\"eni0n\" data-offset-key=\"5cm2b-0-0\">\n<div class=\"_1mf _1mj\" data-offset-key=\"5cm2b-0-0\"><span data-offset-key=\"5cm2b-0-0\">\u25ab\ufe0f81,000 KM<\/span><\/div>\n<\/div>\n<div class=\"\" data-block=\"true\" data-editor=\"eni0n\" data-offset-key=\"9kbk1-0-0\">\n<div class=\"_1mf _1mj\" data-offset-key=\"9kbk1-0-0\"><span data-offset-key=\"9kbk1-0-0\">\u25ab\ufe0fTenencia 2024<\/span><\/div>\n<\/div>\n<div class=\"\" data-block=\"true\" data-editor=\"eni0n\" data-offset-key=\"8f0je-0-0\">\n<div class=\"_1mf _1mj\" data-offset-key=\"8f0je-0-0\"><span data-offset-key=\"8f0je-0-0\">\ud83d\udcb2$169,000 de contado<\/span><\/div>\n<\/div>\n<div class=\"\" data-block=\"true\" data-editor=\"eni0n\" data-offset-key=\"5k24m-0-0\">\n<div class=\"_1mf _1mj\" data-offset-key=\"5k24m-0-0\"><span data-offset-key=\"5k24m-0-0\">\ud83d\udcb2$174,000 a credito mas intereses<\/span><\/div>\n<\/div>\n<div class=\"\" data-block=\"true\" data-editor=\"eni0n\" data-offset-key=\"1br63-0-0\">\n<div class=\"_1mf _1mj\" data-offset-key=\"1br63-0-0\"><span data-offset-key=\"1br63-0-0\">\u2757\ufe0fCaracter\u00edsticas:<\/span><\/div>\n<\/div>\n<div class=\"\" data-block=\"true\" data-editor=\"eni0n\" data-offset-key=\"6j09i-0-0\">\n<div class=\"_1mf _1mj\" data-offset-key=\"6j09i-0-0\"><span data-offset-key=\"6j09i-0-0\">\u25ab\ufe0fColor Blanco<\/span><\/div>\n<\/div>\n<div class=\"\" data-block=\"true\" data-editor=\"eni0n\" data-offset-key=\"4u1i0-0-0\">\n<div class=\"_1mf _1mj\" data-offset-key=\"4u1i0-0-0\"><span data-offset-key=\"4u1i0-0-0\">\u25ab\ufe0fColor interior Gris<\/span><\/div>\n<\/div>\n<div class=\"\" data-block=\"true\" data-editor=\"eni0n\" data-offset-key=\"4ippo-0-0\">\n<div class=\"_1mf _1mj\" data-offset-key=\"4ippo-0-0\"><span data-offset-key=\"4ippo-0-0\">\u25ab\ufe0f2 Puertas<\/span><\/div>\n<\/div>\n<div class=\"\" data-block=\"true\" data-editor=\"eni0n\" data-offset-key=\"23r1c-0-0\">\n<div class=\"_1mf _1mj\" data-offset-key=\"23r1c-0-0\"><span data-offset-key=\"23r1c-0-0\">\u25ab\ufe0fMotor 4 CIL<\/span><\/div>\n<\/div>\n<div class=\"\" data-block=\"true\" data-editor=\"eni0n\" data-offset-key=\"5orss-0-0\">\n<div class=\"_1mf _1mj\" data-offset-key=\"5orss-0-0\"><span data-offset-key=\"5orss-0-0\">\u25ab\ufe0fGasolina<\/span><\/div>\n<\/div>\n<div class=\"\" data-block=\"true\" data-editor=\"eni0n\" data-offset-key=\"75u9a-0-0\">\n<div class=\"_1mf _1mj\" data-offset-key=\"75u9a-0-0\"><span data-offset-key=\"75u9a-0-0\">\u2755Cuenta con lo siguiente:<\/span><\/div>\n<\/div>\n<div class=\"\" data-block=\"true\" data-editor=\"eni0n\" data-offset-key=\"2gj6k-0-0\">\n<div class=\"_1mf _1mj\" data-offset-key=\"2gj6k-0-0\"><span data-offset-key=\"2gj6k-0-0\">\u25ab\ufe0fClima<\/span><\/div>\n<\/div>\n<div class=\"\" data-block=\"true\" data-editor=\"eni0n\" data-offset-key=\"2q6u8-0-0\">\n<div class=\"_1mf _1mj\" data-offset-key=\"2q6u8-0-0\"><span data-offset-key=\"2q6u8-0-0\">\u25ab\ufe0fABS<\/span><\/div>\n<\/div>\n<div class=\"\" data-block=\"true\" data-editor=\"eni0n\" data-offset-key=\"askop-0-0\">\n<div class=\"_1mf _1mj\" data-offset-key=\"askop-0-0\"><span data-offset-key=\"askop-0-0\">\u25ab\ufe0fDirecci\u00f3n Hidr\u00e1ulica<\/span><\/div>\n<\/div>\n<div class=\"\" data-block=\"true\" data-editor=\"eni0n\" data-offset-key=\"805v2-0-0\">\n<div class=\"_1mf _1mj\" data-offset-key=\"805v2-0-0\"><span data-offset-key=\"805v2-0-0\">\u203c\ufe0fCons\u00edguela a cr\u00e9dito con un enganche m\u00ednimo del 40%, con un plazo m\u00e1ximo de 36 meses.<\/span><\/div>\n<\/div>\n<div class=\"\" data-block=\"true\" data-editor=\"eni0n\" data-offset-key=\"erpbh-0-0\">\n<div class=\"_1mf _1mj\" data-offset-key=\"erpbh-0-0\"><span data-offset-key=\"erpbh-0-0\">\ud83d\udccdEstamos ubicados en Avenida Col\u00f3n #1176 Ote. Entre las calles Carvajal y Diego de Montemayor en Monterrey, N.L <\/span><\/div>\n<\/div>\n","protected":false},"excerpt":{"rendered":"<div class=\"\" data-block=\"true\" data-editor=\"eni0n\" data-offset-key=\"ak8ho-0-0\">\n<div class=\"_1mf _1mj\" data-offset-key=\"ak8ho-0-0\"><span data-offset-key=\"ak8ho-0-0\">AUTOS GARZA, TU MEJOR OPCI\u00d3N<\/span><\/div>\n<\/div>\n<div class=\"\" data-block=\"true\" data-editor=\"eni0n\" data-offset-key=\"31nkv-0-0\">\n<div class=\"_1mf _1mj\" data-offset-key=\"31nkv-0-0\"><span data-offset-key=\"31nkv-0-0\">Visita www.comprosuauto.com<\/span><\/div>\n<\/div>\n<div class=\"\" data-block=\"true\" data-editor=\"eni0n\" data-offset-key=\"ai3ti-0-0\">\n<div class=\"_1mf _1mj\" data-offset-key=\"ai3ti-0-0\"><span data-offset-key=\"ai3ti-0-0\">\ud83d\udd18CHRYSLER PROMASTER RAPID 2020<\/span><\/div>\n<\/div>\n<div class=\"\" data-block=\"true\" data-editor=\"eni0n\" data-offset-key=\"6btl7-0-0\">\n<div class=\"_1mf _1mj\" data-offset-key=\"6btl7-0-0\"><span data-offset-key=\"6btl7-0-0\">\u25ab\ufe0fEstandard<\/span><\/div>\n<\/div>\n<div class=\"\" data-block=\"true\" data-editor=\"eni0n\" data-offset-key=\"5cm2b-0-0\">\n<div class=\"_1mf _1mj\" data-offset-key=\"5cm2b-0-0\"><span data-offset-key=\"5cm2b-0-0\">\u25ab\ufe0f81,000 KM<\/span><\/div>\n<\/div>\n<div class=\"\" data-block=\"true\" data-editor=\"eni0n\" data-offset-key=\"9kbk1-0-0\">\n<div class=\"_1mf _1mj\" data-offset-key=\"9kbk1-0-0\"><span data-offset-key=\"9kbk1-0-0\">\u25ab\ufe0fTenencia 2024<\/span><\/div>\n<\/div>\n<div class=\"\" data-block=\"true\" data-editor=\"eni0n\" data-offset-key=\"8f0je-0-0\">\n<div class=\"_1mf _1mj\" data-offset-key=\"8f0je-0-0\"><span data-offset-key=\"8f0je-0-0\">\ud83d\udcb2$169,000 de contado<\/span><\/div>\n<\/div>\n<div class=\"\" data-block=\"true\" data-editor=\"eni0n\" data-offset-key=\"5k24m-0-0\">\n<div class=\"_1mf _1mj\" data-offset-key=\"5k24m-0-0\"><span data-offset-key=\"5k24m-0-0\">\ud83d\udcb2$174,000 a credito mas intereses<\/span><\/div>\n<\/div>\n<div class=\"\" data-block=\"true\" data-editor=\"eni0n\" data-offset-key=\"1br63-0-0\">\n<div class=\"_1mf _1mj\" data-offset-key=\"1br63-0-0\"><span data-offset-key=\"1br63-0-0\">\u2757\ufe0fCaracter\u00edsticas:<\/span><\/div>\n<\/div>\n<div class=\"\" data-block=\"true\" data-editor=\"eni0n\" data-offset-key=\"6j09i-0-0\">\n<div class=\"_1mf _1mj\" data-offset-key=\"6j09i-0-0\"><span data-offset-key=\"6j09i-0-0\">\u25ab\ufe0fColor Blanco<\/span><\/div>\n<\/div>\n<div class=\"\" data-block=\"true\" data-editor=\"eni0n\" data-offset-key=\"4u1i0-0-0\">\n<div class=\"_1mf _1mj\" data-offset-key=\"4u1i0-0-0\"><span data-offset-key=\"4u1i0-0-0\">\u25ab\ufe0fColor interior Gris<\/span><\/div>\n<\/div>\n<div class=\"\" data-block=\"true\" data-editor=\"eni0n\" data-offset-key=\"4ippo-0-0\">\n<div class=\"_1mf _1mj\" data-offset-key=\"4ippo-0-0\"><span data-offset-key=\"4ippo-0-0\">\u25ab\ufe0f2 Puertas<\/span><\/div>\n<\/div>\n<div class=\"\" data-block=\"true\" data-editor=\"eni0n\" data-offset-key=\"23r1c-0-0\">\n<div class=\"_1mf _1mj\" data-offset-key=\"23r1c-0-0\"><span data-offset-key=\"23r1c-0-0\">\u25ab\ufe0fMotor 4 CIL<\/span><\/div>\n<\/div>\n<div class=\"\" data-block=\"true\" data-editor=\"eni0n\" data-offset-key=\"5orss-0-0\">\n<div class=\"_1mf _1mj\" data-offset-key=\"5orss-0-0\"><span data-offset-key=\"5orss-0-0\">\u25ab\ufe0fGasolina<\/span><\/div>\n<\/div>\n<div class=\"\" data-block=\"true\" data-editor=\"eni0n\" data-offset-key=\"75u9a-0-0\">\n<div class=\"_1mf _1mj\" data-offset-key=\"75u9a-0-0\"><span data-offset-key=\"75u9a-0-0\">\u2755Cuenta con lo siguiente:<\/span><\/div>\n<\/div>\n<div class=\"\" data-block=\"true\" data-editor=\"eni0n\" data-offset-key=\"2gj6k-0-0\">\n<div class=\"_1mf _1mj\" data-offset-key=\"2gj6k-0-0\"><span data-offset-key=\"2gj6k-0-0\">\u25ab\ufe0fClima<\/span><\/div>\n<\/div>\n<div class=\"\" data-block=\"true\" data-editor=\"eni0n\" data-offset-key=\"2q6u8-0-0\">\n<div class=\"_1mf _1mj\" data-offset-key=\"2q6u8-0-0\"><span data-offset-key=\"2q6u8-0-0\">\u25ab\ufe0fABS<\/span><\/div>\n<\/div>\n<div class=\"\" data-block=\"true\" data-editor=\"eni0n\" data-offset-key=\"askop-0-0\">\n<div class=\"_1mf _1mj\" data-offset-key=\"askop-0-0\"><span data-offset-key=\"askop-0-0\">\u25ab\ufe0fDirecci\u00f3n Hidr\u00e1ulica<\/span><\/div>\n<\/div>\n<div class=\"\" data-block=\"true\" data-editor=\"eni0n\" data-offset-key=\"805v2-0-0\">\n<div class=\"_1mf _1mj\" data-offset-key=\"805v2-0-0\"><span data-offset-key=\"805v2-0-0\">\u203c\ufe0fCons\u00edguela a cr\u00e9dito con un enganche m\u00ednimo del 40%, con un plazo m\u00e1ximo de 36 meses.<\/span><\/div>\n<\/div>\n<div class=\"\" data-block=\"true\" data-editor=\"eni0n\" data-offset-key=\"erpbh-0-0\">\n<div class=\"_1mf _1mj\" data-offset-key=\"erpbh-0-0\"><span data-offset-key=\"erpbh-0-0\">\ud83d\udccdEstamos ubicados en Avenida Col\u00f3n #1176 Ote. Entre las calles Carvajal y Diego de Montemayor en Monterrey, N.L <\/span><\/div>\n<\/div>\n","protected":false},"featured_media":1620,"comment_status":"open","ping_status":"closed","template":"","meta":{"_eb_attr":"","site-sidebar-layout":"default","site-content-layout":"","ast-site-content-layout":"default","site-content-style":"default","site-sidebar-style":"default","ast-global-header-display":"","ast-banner-title-visibility":"","ast-main-header-display":"","ast-hfb-above-header-display":"","ast-hfb-below-header-display":"","ast-hfb-mobile-header-display":"","site-post-title":"","ast-breadcrumbs-content":"","ast-featured-img":"","footer-sml-layout":"","ast-disable-related-posts":"","theme-transparent-header-meta":"default","adv-header-id-meta":"","stick-header-meta":"","header-above-stick-meta":"","header-main-stick-meta":"","header-below-stick-meta":"","astra-migrate-meta-layouts":"set","ast-page-background-enabled":"default","ast-page-background-meta":{"desktop":{"background-color":"var(--ast-global-color-5)","background-image":"","background-repeat":"repeat","background-position":"center center","background-size":"auto","background-attachment":"scroll","background-type":"","background-media":"","overlay-type":"","overlay-color":"","overlay-opacity":"","overlay-gradient":""},"tablet":{"background-color":"","background-image":"","background-repeat":"repeat","background-position":"center center","background-size":"auto","background-attachment":"scroll","background-type":"","background-media":"","overlay-type":"","overlay-color":"","overlay-opacity":"","overlay-gradient":""},"mobile":{"background-color":"","background-image":"","background-repeat":"repeat","background-position":"center center","background-size":"auto","background-attachment":"scroll","background-type":"","background-media":"","overlay-type":"","overlay-color":"","overlay-opacity":"","overlay-gradient":""}},"ast-content-background-meta":{"desktop":{"background-color":"var(--ast-global-color-4)","background-image":"","background-repeat":"repeat","background-position":"center center","background-size":"auto","background-attachment":"scroll","background-type":"","background-media":"","overlay-type":"","overlay-color":"","overlay-opacity":"","overlay-gradient":""},"tablet":{"background-color":"var(--ast-global-color-4)","background-image":"","background-repeat":"repeat","background-position":"center center","background-size":"auto","background-attachment":"scroll","background-type":"","background-media":"","overlay-type":"","overlay-color":"","overlay-opacity":"","overlay-gradient":""},"mobile":{"background-color":"var(--ast-global-color-4)","background-image":"","background-repeat":"repeat","background-position":"center center","background-size":"auto","background-attachment":"scroll","background-type":"","background-media":"","overlay-type":"","overlay-color":"","overlay-opacity":"","overlay-gradient":""}},"_joinchat":{"telephone":"+528111130175"}},"product_cat":[24],"product_tag":[],"class_list":{"0":"post-1775","1":"product","2":"type-product","3":"status-publish","4":"has-post-thumbnail","6":"product_cat-van","7":"desktop-align-left","8":"tablet-align-left","9":"mobile-align-left","11":"first","12":"instock","13":"shipping-taxable","14":"purchasable","15":"product-type-simple"},"_links":{"self":[{"href":"https:\/\/comprosuauto.com\/index.php\/wp-json\/wp\/v2\/product\/1775","targetHints":{"allow":["GET"]}}],"collection":[{"href":"https:\/\/comprosuauto.com\/index.php\/wp-json\/wp\/v2\/product"}],"about":[{"href":"https:\/\/comprosuauto.com\/index.php\/wp-json\/wp\/v2\/types\/product"}],"replies":[{"embeddable":true,"href":"https:\/\/comprosuauto.com\/index.php\/wp-json\/wp\/v2\/comments?post=1775"}],"wp:featuredmedia":[{"embeddable":true,"href":"https:\/\/comprosuauto.com\/index.php\/wp-json\/wp\/v2\/media\/1620"}],"wp:attachment":[{"href":"https:\/\/comprosuauto.com\/index.php\/wp-json\/wp\/v2\/media?parent=1775"}],"wp:term":[{"taxonomy":"product_cat","embeddable":true,"href":"https:\/\/comprosuauto.com\/index.php\/wp-json\/wp\/v2\/product_cat?post=1775"},{"taxonomy":"product_tag","embeddable":true,"href":"https:\/\/comprosuauto.com\/index.php\/wp-json\/wp\/v2\/product_tag?post=1775"}],"curies":[{"name":"wp","href":"https:\/\/api.w.org\/{rel}","templated":true}]}}